{"id":7784,"date":"2024-02-08T18:09:22","date_gmt":"2024-02-08T18:09:22","guid":{"rendered":"https:\/\/www.vilamouraworld.com\/subscricao-de-newsletter\/"},"modified":"2025-03-11T16:33:58","modified_gmt":"2025-03-11T16:33:58","slug":"subscricao-de-newsletter","status":"publish","type":"page","link":"https:\/\/www.vilamouraworld.com\/pt-pt\/subscricao-de-newsletter\/","title":{"rendered":"Subscri\u00e7\u00e3o de Newsletter"},"content":{"rendered":"\t\t<div data-elementor-type=\"wp-page\" data-elementor-id=\"7784\" class=\"elementor elementor-7784 elementor-7778\" data-elementor-post-type=\"page\">\n\t\t\t\t\t\t<section class=\"elementor-section elementor-top-section elementor-element elementor-element-979d52d elementor-section-full_width elementor-section-height-min-height elementor-section-content-middle elementor-section-height-default elementor-section-items-middle\" data-id=\"979d52d\" data-element_type=\"section\" data-e-type=\"section\" data-settings=\"{&quot;background_background&quot;:&quot;classic&quot;}\">\n\t\t\t\t\t\t\t<div class=\"elementor-background-overlay\"><\/div>\n\t\t\t\t\t\t\t<div class=\"elementor-container elementor-column-gap-default\">\n\t\t\t\t\t<div class=\"elementor-column elementor-col-100 elementor-top-column elementor-element elementor-element-8087187\" data-id=\"8087187\" data-element_type=\"column\" data-e-type=\"column\">\n\t\t\t<div class=\"elementor-widget-wrap elementor-element-populated\">\n\t\t\t\t\t\t<section class=\"elementor-section elementor-inner-section elementor-element elementor-element-e0e6c9e elementor-section-boxed elementor-section-height-default elementor-section-height-default\" data-id=\"e0e6c9e\" data-element_type=\"section\" data-e-type=\"section\">\n\t\t\t\t\t\t<div class=\"elementor-container elementor-column-gap-default\">\n\t\t\t\t\t<div class=\"elementor-column elementor-col-100 elementor-inner-column elementor-element elementor-element-8a4e11d\" data-id=\"8a4e11d\" data-element_type=\"column\" data-e-type=\"column\">\n\t\t\t<div class=\"elementor-widget-wrap elementor-element-populated\">\n\t\t\t\t\t\t<div class=\"elementor-element elementor-element-29ec048 elementor-widget elementor-widget-heading\" data-id=\"29ec048\" data-element_type=\"widget\" data-e-type=\"widget\" data-widget_type=\"heading.default\">\n\t\t\t\t<div class=\"elementor-widget-container\">\n\t\t\t\t\t<h1 class=\"elementor-heading-title elementor-size-default\">CONECTE-se <span class=\"Hero-title-small-text\">a<\/span> Vilamoura<\/h1>\t\t\t\t<\/div>\n\t\t\t\t<\/div>\n\t\t\t\t\t<\/div>\n\t\t<\/div>\n\t\t\t\t\t<\/div>\n\t\t<\/section>\n\t\t\t\t\t<\/div>\n\t\t<\/div>\n\t\t\t\t\t<\/div>\n\t\t<\/section>\n\t\t\t\t<section class=\"elementor-section elementor-top-section elementor-element elementor-element-ab03f3a elementor-section-full_width elementor-section-height-default elementor-section-height-default\" data-id=\"ab03f3a\" data-element_type=\"section\" data-e-type=\"section\">\n\t\t\t\t\t\t<div class=\"elementor-container elementor-column-gap-default\">\n\t\t\t\t\t<div class=\"elementor-column elementor-col-100 elementor-top-column elementor-element elementor-element-a64ed4f\" data-id=\"a64ed4f\" data-element_type=\"column\" data-e-type=\"column\">\n\t\t\t<div class=\"elementor-widget-wrap elementor-element-populated\">\n\t\t\t\t\t\t<div class=\"elementor-element elementor-element-f9376be elementor-widget elementor-widget-heading\" data-id=\"f9376be\" data-element_type=\"widget\" data-e-type=\"widget\" data-widget_type=\"heading.default\">\n\t\t\t\t<div class=\"elementor-widget-container\">\n\t\t\t\t\t<h5 class=\"elementor-heading-title elementor-size-default\">SCROLL<\/h5>\t\t\t\t<\/div>\n\t\t\t\t<\/div>\n\t\t\t\t<section class=\"elementor-section elementor-inner-section elementor-element elementor-element-31be2cd elementor-section-full_width elementor-section-content-middle elementor-section-height-default elementor-section-height-default\" data-id=\"31be2cd\" data-element_type=\"section\" data-e-type=\"section\">\n\t\t\t\t\t\t<div class=\"elementor-container elementor-column-gap-default\">\n\t\t\t\t\t<div class=\"elementor-column elementor-col-50 elementor-inner-column elementor-element elementor-element-34f64ff\" data-id=\"34f64ff\" data-element_type=\"column\" data-e-type=\"column\">\n\t\t\t<div class=\"elementor-widget-wrap\">\n\t\t\t\t\t\t\t<\/div>\n\t\t<\/div>\n\t\t\t\t<div class=\"elementor-column elementor-col-50 elementor-inner-column elementor-element elementor-element-d3c81ba\" data-id=\"d3c81ba\" data-element_type=\"column\" data-e-type=\"column\">\n\t\t\t<div class=\"elementor-widget-wrap elementor-element-populated\">\n\t\t\t\t\t\t<div class=\"elementor-element elementor-element-3318cda elementor-widget elementor-widget-spacer\" data-id=\"3318cda\" data-element_type=\"widget\" data-e-type=\"widget\" data-widget_type=\"spacer.default\">\n\t\t\t\t<div class=\"elementor-widget-container\">\n\t\t\t\t\t\t\t<div class=\"elementor-spacer\">\n\t\t\t<div class=\"elementor-spacer-inner\"><\/div>\n\t\t<\/div>\n\t\t\t\t\t\t<\/div>\n\t\t\t\t<\/div>\n\t\t\t\t\t<\/div>\n\t\t<\/div>\n\t\t\t\t\t<\/div>\n\t\t<\/section>\n\t\t\t\t<section class=\"elementor-section elementor-inner-section elementor-element elementor-element-0a2b37d elementor-section-full_width elementor-section-content-middle elementor-section-height-default elementor-section-height-default\" data-id=\"0a2b37d\" data-element_type=\"section\" data-e-type=\"section\">\n\t\t\t\t\t\t<div class=\"elementor-container elementor-column-gap-default\">\n\t\t\t\t\t<div class=\"elementor-column elementor-col-100 elementor-inner-column elementor-element elementor-element-1e5a824\" data-id=\"1e5a824\" data-element_type=\"column\" data-e-type=\"column\">\n\t\t\t<div class=\"elementor-widget-wrap elementor-element-populated\">\n\t\t\t\t\t\t<div class=\"elementor-element elementor-element-e126b3e elementor-view-default elementor-widget elementor-widget-icon\" data-id=\"e126b3e\" data-element_type=\"widget\" data-e-type=\"widget\" data-widget_type=\"icon.default\">\n\t\t\t\t<div class=\"elementor-widget-container\">\n\t\t\t\t\t\t\t<div class=\"elementor-icon-wrapper\">\n\t\t\t<div class=\"elementor-icon\">\n\t\t\t<svg xmlns=\"http:\/\/www.w3.org\/2000\/svg\" xmlns:xlink=\"http:\/\/www.w3.org\/1999\/xlink\" x=\"0px\" y=\"0px\" viewBox=\"0 0 725.5 709.18\" style=\"enable-background:new 0 0 725.5 709.18;\" xml:space=\"preserve\"><g id=\"Vilamoura_x5F_Logo\">\t<path id=\"Logotype\" d=\"M790.74,342.7h144.89c55.4,164.49,128.69,330.68,221.59,495.17l106.53-205.4  c30.68-59.66,46.87-110.8,46.87-166.19c0-38.35-8.52-80.97-25.57-123.58h161.93l-272.73,525.85v70.74h-93.75  C1029.38,740.72,927.11,541.28,790.74,342.7z M1536.48,641c0-98.01-8.52-200.28-29.83-298.3h136.36  c-21.31,98.01-29.83,200.29-29.83,298.3c0,98.01,8.52,200.28,29.83,298.3h-136.36C1527.96,841.28,1536.48,739.01,1536.48,641z   M1800.68,641c0-98.01-8.52-200.28-29.83-298.3h136.36c-21.31,98.01-29.83,200.29-29.83,298.3c0,89.49,6.82,182.39,24.72,272.73  h22.16c68.18,0,226.7-34.09,291.48-158.52l177.27-341.76V342.7h93.75c48.58,190.06,144.89,380.97,272.73,571.88V405.77  l-42.62-63.07h153.41c47.73,163.64,134.66,352.84,222.44,490.91l246.31-490.91h136.36c-21.3,98.01-29.83,200.29-29.83,298.3  c0,98.01,8.53,200.28,29.83,298.3h-136.36c21.3-98.01,29.83-200.28,29.83-298.3c0-82.67-5.97-167.9-20.45-252.27L3108.92,866v73.29  h-93.75c-42.62-164.49-125.28-328.98-230.11-493.47V939.3h-153.41c-23.01-68.18-48.58-136.37-78.41-204.54h-232.67  c-54.55,0-76.7,26.42-93.75,59.66l-74.15,144.89h-381.82C1792.16,841.28,1800.68,739.01,1800.68,641z M2542.16,709.18  c-38.35-89.49-83.52-178.12-133.81-267.62l-137.22,267.62H2542.16z M3891.78,334.18c169.6,0,306.82,120.17,306.82,289.77  s-128.69,323.86-323.86,323.86c-169.6,0-306.82-120.17-306.82-289.77S3696.61,334.18,3891.78,334.18z M3908.83,922.25  c144.03,0,196.02-115.91,196.02-251.42s-94.6-311.08-247.16-311.08c-135.51,0-196.02,115.91-196.02,251.42  C3661.67,746.68,3739.23,922.25,3908.83,922.25z M4410.44,342.7c-21.31,98.01-29.83,200.29-29.83,298.3  c0,205.4,94.6,281.25,213.07,281.25c118.47,0,217.33-67.33,217.33-272.73v-17.05c0-138.92-56.25-221.59-136.37-289.77h161.93  v306.82c0,192.61-94.6,298.29-251.42,298.29c-207.95,0-281.25-114.2-281.25-306.82c0-98.01-8.52-200.28-29.83-298.3H4410.44z   M4983.26,641c0-98.01-8.52-200.28-29.83-298.3h298.3c134.66,0,272.73,25.57,272.73,144.89c0,136.37-155.11,161.93-272.73,161.93  h-74.15c29.83,127.84,286.36,107.39,385.23,199.43l225.85-435.51V342.7h93.75c51.14,198.58,153.41,398.01,289.77,596.59H6027.3  c-23.01-68.18-48.58-136.37-78.41-204.54h-232.67c-54.55,0-76.7,26.42-93.75,59.66l-40.06,78.41  c11.93,17.9,18.75,40.06,18.75,66.48h-144.89c0-115.06-306.82-114.21-306.82-315.34h85.23c89.49,0,178.98-34.09,178.98-127.84  c0-93.75-89.49-127.84-178.98-127.84h-150c-17.9,90.34-24.72,183.24-24.72,272.73c0,98.01,8.52,200.28,29.83,298.3h-136.36  C4974.74,841.28,4983.26,739.01,4983.26,641z M5937.81,709.18c-38.35-89.49-83.52-178.12-133.81-267.62l-137.22,267.62H5937.81z\"><\/path>\t<path id=\"Symbol\" d=\"M31.74,440.89l206.01-80.65c20.16-7.89,37.69-9.64,51.72-9.64c43.83,0,64.87,25.42,69.25,55.23  c1.75-29.8,22.79-55.23,65.75-55.23c14.9,0,31.56,1.75,51.72,9.64l204.25,80.65l-120.1,137.63  c-23.67-113.08-90.29-190.22-133.25-190.22c-28.93,0-40.32,28.05-40.32,64.87c0,39.45,14.9,100.81,54.35,196.36H271.05  c39.45-95.55,54.35-156.92,54.35-196.36c0-36.82-10.52-64.87-38.57-64.87c-42.08,0-112.21,77.14-135,190.22L31.74,440.89z   M356.09,315.53c8.77,0,35.07-0.88,65.75-25.42l192.86-156.04L474.43,35.89c-11.4,163.93-89.42,243.7-118.34,243.7  c-28.93,0-106.95-79.77-118.34-243.7L97.48,134.07l192.86,156.04C321.02,314.66,347.32,315.53,356.09,315.53z\"><\/path><\/g><g id=\"Safety_Margins\"><\/g><\/svg>\t\t\t<\/div>\n\t\t<\/div>\n\t\t\t\t\t\t<\/div>\n\t\t\t\t<\/div>\n\t\t\t\t\t<\/div>\n\t\t<\/div>\n\t\t\t\t\t<\/div>\n\t\t<\/section>\n\t\t\t\t\t<\/div>\n\t\t<\/div>\n\t\t\t\t\t<\/div>\n\t\t<\/section>\n\t\t\t\t<section class=\"elementor-section elementor-top-section elementor-element elementor-element-cad8a8c elementor-section-full_width elementor-section-height-default elementor-section-height-default\" data-id=\"cad8a8c\" data-element_type=\"section\" data-e-type=\"section\">\n\t\t\t\t\t\t<div class=\"elementor-container elementor-column-gap-default\">\n\t\t\t\t\t<div class=\"elementor-column elementor-col-100 elementor-top-column elementor-element elementor-element-b1c5944\" data-id=\"b1c5944\" data-element_type=\"column\" data-e-type=\"column\">\n\t\t\t<div class=\"elementor-widget-wrap elementor-element-populated\">\n\t\t\t\t\t\t<section class=\"elementor-section elementor-inner-section elementor-element elementor-element-ab10b7a elementor-section-boxed elementor-section-height-default elementor-section-height-default\" data-id=\"ab10b7a\" data-element_type=\"section\" data-e-type=\"section\">\n\t\t\t\t\t\t<div class=\"elementor-container elementor-column-gap-default\">\n\t\t\t\t\t<div class=\"elementor-column elementor-col-50 elementor-inner-column elementor-element elementor-element-3a2ee44\" data-id=\"3a2ee44\" data-element_type=\"column\" data-e-type=\"column\">\n\t\t\t<div class=\"elementor-widget-wrap elementor-element-populated\">\n\t\t\t\t\t\t<div class=\"elementor-element elementor-element-cb05730 elementor-widget elementor-widget-heading\" data-id=\"cb05730\" data-element_type=\"widget\" data-e-type=\"widget\" data-widget_type=\"heading.default\">\n\t\t\t\t<div class=\"elementor-widget-container\">\n\t\t\t\t\t<h2 class=\"elementor-heading-title elementor-size-default\">Subscreva <span class=\"Hero-title-small-text\">a<\/span> nossa newsletter<\/h2>\t\t\t\t<\/div>\n\t\t\t\t<\/div>\n\t\t\t\t<div class=\"elementor-element elementor-element-e3c9243 elementor-widget elementor-widget-text-editor\" data-id=\"e3c9243\" data-element_type=\"widget\" data-e-type=\"widget\" data-widget_type=\"text-editor.default\">\n\t\t\t\t<div class=\"elementor-widget-container\">\n\t\t\t\t\t\t\t\t\t<p>Receba na sua caixa de email todas as minhas novidades, informa\u00e7\u00f5es sobre eventos e novos lan\u00e7amentos imobili\u00e1rios. Deixe o seu email abaixo e estaremos em contacto.<\/p>\t\t\t\t\t\t\t\t<\/div>\n\t\t\t\t<\/div>\n\t\t\t\t\t<\/div>\n\t\t<\/div>\n\t\t\t\t<div class=\"elementor-column elementor-col-50 elementor-inner-column elementor-element elementor-element-0f3be6c\" data-id=\"0f3be6c\" data-element_type=\"column\" data-e-type=\"column\">\n\t\t\t<div class=\"elementor-widget-wrap\">\n\t\t\t\t\t\t\t<\/div>\n\t\t<\/div>\n\t\t\t\t\t<\/div>\n\t\t<\/section>\n\t\t\t\t<section class=\"elementor-section elementor-inner-section elementor-element elementor-element-992d398 elementor-section-content-middle elementor-section-boxed elementor-section-height-default elementor-section-height-default\" data-id=\"992d398\" data-element_type=\"section\" data-e-type=\"section\">\n\t\t\t\t\t\t<div class=\"elementor-container elementor-column-gap-default\">\n\t\t\t\t\t<div class=\"elementor-column elementor-col-50 elementor-inner-column elementor-element elementor-element-f052eec animated-slow elementor-invisible\" data-id=\"f052eec\" data-element_type=\"column\" data-e-type=\"column\" data-settings=\"{&quot;animation&quot;:&quot;fadeIn&quot;,&quot;animation_delay&quot;:400}\">\n\t\t\t<div class=\"elementor-widget-wrap\">\n\t\t\t\t\t\t\t<\/div>\n\t\t<\/div>\n\t\t\t\t<div class=\"elementor-column elementor-col-50 elementor-inner-column elementor-element elementor-element-f2f1233\" data-id=\"f2f1233\" data-element_type=\"column\" data-e-type=\"column\">\n\t\t\t<div class=\"elementor-widget-wrap elementor-element-populated\">\n\t\t\t\t\t\t<div class=\"elementor-element elementor-element-7fd4ac0 elementor-button-align-end elementor-widget__width-initial elementor-mobile-button-align-end elementor-widget elementor-widget-form\" data-id=\"7fd4ac0\" data-element_type=\"widget\" data-e-type=\"widget\" data-settings=\"{&quot;step_next_label&quot;:&quot;Seguinte&quot;,&quot;step_previous_label&quot;:&quot;Anterior&quot;,&quot;button_width&quot;:&quot;25&quot;,&quot;button_width_mobile&quot;:&quot;100&quot;,&quot;step_type&quot;:&quot;number_text&quot;,&quot;step_icon_shape&quot;:&quot;circle&quot;}\" data-widget_type=\"form.default\">\n\t\t\t\t<div class=\"elementor-widget-container\">\n\t\t\t\t\t\t\t<form class=\"elementor-form\" method=\"post\" name=\"Mailchimp submission PT\" aria-label=\"Mailchimp submission PT\">\n\t\t\t<input type=\"hidden\" name=\"post_id\" value=\"7784\"\/>\n\t\t\t<input type=\"hidden\" name=\"form_id\" value=\"7fd4ac0\"\/>\n\t\t\t<input type=\"hidden\" name=\"referer_title\" value=\"Subscri\u00e7\u00e3o de Newsletter - *Vilamoura\" \/>\n\n\t\t\t\t\t\t\t<input type=\"hidden\" name=\"queried_id\" value=\"7784\"\/>\n\t\t\t\n\t\t\t<div class=\"elementor-form-fields-wrapper elementor-labels-above\">\n\t\t\t\t\t\t\t\t<div class=\"elementor-field-type-email elementor-field-group elementor-column elementor-field-group-email elementor-col-75 elementor-sm-100 elementor-field-required\">\n\t\t\t\t\t\t\t\t\t\t\t\t\t<input size=\"1\" type=\"email\" name=\"form_fields[email]\" id=\"form-field-email\" class=\"elementor-field elementor-size-sm  elementor-field-textual\" placeholder=\"Email\" required=\"required\">\n\t\t\t\t\t\t\t\t\t\t\t<\/div>\n\t\t\t\t\t\t\t\t<div class=\"elementor-field-group elementor-column elementor-field-type-submit elementor-col-25 e-form__buttons elementor-sm-100\">\n\t\t\t\t\t<button class=\"elementor-button elementor-size-sm elementor-animation-pop\" type=\"submit\">\n\t\t\t\t\t\t<span class=\"elementor-button-content-wrapper\">\n\t\t\t\t\t\t\t\t\t\t\t\t\t\t\t<span class=\"elementor-button-icon\">\n\t\t\t\t\t\t\t\t\t<svg aria-hidden=\"true\" class=\"e-font-icon-svg e-far-envelope\" viewBox=\"0 0 512 512\" xmlns=\"http:\/\/www.w3.org\/2000\/svg\"><path d=\"M464 64H48C21.49 64 0 85.49 0 112v288c0 26.51 21.49 48 48 48h416c26.51 0 48-21.49 48-48V112c0-26.51-21.49-48-48-48zm0 48v40.805c-22.422 18.259-58.168 46.651-134.587 106.49-16.841 13.247-50.201 45.072-73.413 44.701-23.208.375-56.579-31.459-73.413-44.701C106.18 199.465 70.425 171.067 48 152.805V112h416zM48 400V214.398c22.914 18.251 55.409 43.862 104.938 82.646 21.857 17.205 60.134 55.186 103.062 54.955 42.717.231 80.509-37.199 103.053-54.947 49.528-38.783 82.032-64.401 104.947-82.653V400H48z\"><\/path><\/svg>\t\t\t\t\t\t\t\t\t\t\t\t\t\t\t\t\t<\/span>\n\t\t\t\t\t\t\t\t\t\t\t\t\t\t\t\t\t\t\t\t\t\t<span class=\"elementor-button-text\">SUBMETER<\/span>\n\t\t\t\t\t\t\t\t\t\t\t\t\t<\/span>\n\t\t\t\t\t<\/button>\n\t\t\t\t<\/div>\n\t\t\t<\/div>\n\t\t<\/form>\n\t\t\t\t\t\t<\/div>\n\t\t\t\t<\/div>\n\t\t\t\t\t<\/div>\n\t\t<\/div>\n\t\t\t\t\t<\/div>\n\t\t<\/section>\n\t\t\t\t\t<\/div>\n\t\t<\/div>\n\t\t\t\t\t<\/div>\n\t\t<\/section>\n\t\t\t\t<section class=\"elementor-section elementor-top-section elementor-element elementor-element-5e755e9 elementor-section-boxed elementor-section-height-default elementor-section-height-default\" data-id=\"5e755e9\" data-element_type=\"section\" data-e-type=\"section\">\n\t\t\t\t\t\t<div class=\"elementor-container elementor-column-gap-default\">\n\t\t\t\t\t<div class=\"elementor-column elementor-col-100 elementor-top-column elementor-element elementor-element-8742673\" data-id=\"8742673\" data-element_type=\"column\" data-e-type=\"column\">\n\t\t\t<div class=\"elementor-widget-wrap elementor-element-populated\">\n\t\t\t\t\t\t<section class=\"elementor-section elementor-inner-section elementor-element elementor-element-7410a75 elementor-section-boxed elementor-section-height-default elementor-section-height-default\" data-id=\"7410a75\" data-element_type=\"section\" data-e-type=\"section\">\n\t\t\t\t\t\t<div class=\"elementor-container elementor-column-gap-default\">\n\t\t\t\t\t<div class=\"elementor-column elementor-col-50 elementor-inner-column elementor-element elementor-element-3e776e1\" data-id=\"3e776e1\" data-element_type=\"column\" data-e-type=\"column\">\n\t\t\t<div class=\"elementor-widget-wrap\">\n\t\t\t\t\t\t\t<\/div>\n\t\t<\/div>\n\t\t\t\t<div class=\"elementor-column elementor-col-50 elementor-inner-column elementor-element elementor-element-fd0f9c1\" data-id=\"fd0f9c1\" data-element_type=\"column\" data-e-type=\"column\">\n\t\t\t<div class=\"elementor-widget-wrap\">\n\t\t\t\t\t\t\t<\/div>\n\t\t<\/div>\n\t\t\t\t\t<\/div>\n\t\t<\/section>\n\t\t\t\t\t<\/div>\n\t\t<\/div>\n\t\t\t\t\t<\/div>\n\t\t<\/section>\n\t\t\t\t<\/div>\n\t\t","protected":false},"excerpt":{"rendered":"<p>CONECTE-se a Vilamoura SCROLL Subscreva a nossa newsletter Receba na sua caixa de email todas as minhas novidades, informa\u00e7\u00f5es sobre eventos e novos lan\u00e7amentos imobili\u00e1rios. Deixe o seu email abaixo e estaremos em contacto.<\/p>\n","protected":false},"author":24,"featured_media":0,"parent":0,"menu_order":0,"comment_status":"closed","ping_status":"closed","template":"elementor_header_footer","meta":{"footnotes":""},"class_list":["post-7784","page","type-page","status-publish","hentry"],"yoast_head":"<!-- This site is optimized with the Yoast SEO plugin v27.1.1 - https:\/\/yoast.com\/product\/yoast-seo-wordpress\/ -->\n<title>Subscri\u00e7\u00e3o de Newsletter - *Vilamoura<\/title>\n<meta name=\"robots\" content=\"index, follow, max-snippet:-1, max-image-preview:large, max-video-preview:-1\" \/>\n<link rel=\"canonical\" href=\"https:\/\/www.vilamouraworld.com\/newsletter-subscription\/\" \/>\n<meta property=\"og:locale\" content=\"pt_PT\" \/>\n<meta property=\"og:type\" content=\"article\" \/>\n<meta property=\"og:title\" content=\"Subscri\u00e7\u00e3o de Newsletter - *Vilamoura\" \/>\n<meta property=\"og:description\" content=\"CONECTE-se a Vilamoura SCROLL Subscreva a nossa newsletter Receba na sua caixa de email todas as minhas novidades, informa\u00e7\u00f5es sobre eventos e novos lan\u00e7amentos imobili\u00e1rios. Deixe o seu email abaixo e estaremos em contacto.\" \/>\n<meta property=\"og:url\" content=\"https:\/\/www.vilamouraworld.com\/newsletter-subscription\/\" \/>\n<meta property=\"og:site_name\" content=\"*Vilamoura\" \/>\n<meta property=\"article:modified_time\" content=\"2025-03-11T16:33:58+00:00\" \/>\n<meta name=\"twitter:card\" content=\"summary_large_image\" \/>\n<meta name=\"twitter:label1\" content=\"Tempo estimado de leitura\" \/>\n\t<meta name=\"twitter:data1\" content=\"1 minuto\" \/>\n<script type=\"application\/ld+json\" class=\"yoast-schema-graph\">{\"@context\":\"https:\/\/schema.org\",\"@graph\":[{\"@type\":\"WebPage\",\"@id\":\"https:\/\/www.vilamouraworld.com\/newsletter-subscription\/\",\"url\":\"https:\/\/www.vilamouraworld.com\/newsletter-subscription\/\",\"name\":\"Subscri\u00e7\u00e3o de Newsletter - *Vilamoura\",\"isPartOf\":{\"@id\":\"https:\/\/www.vilamouraworld.com\/#website\"},\"datePublished\":\"2024-02-08T18:09:22+00:00\",\"dateModified\":\"2025-03-11T16:33:58+00:00\",\"breadcrumb\":{\"@id\":\"https:\/\/www.vilamouraworld.com\/newsletter-subscription\/#breadcrumb\"},\"inLanguage\":\"pt-PT\",\"potentialAction\":[{\"@type\":\"ReadAction\",\"target\":[\"https:\/\/www.vilamouraworld.com\/newsletter-subscription\/\"]}]},{\"@type\":\"BreadcrumbList\",\"@id\":\"https:\/\/www.vilamouraworld.com\/newsletter-subscription\/#breadcrumb\",\"itemListElement\":[{\"@type\":\"ListItem\",\"position\":1,\"name\":\"Home\",\"item\":\"https:\/\/www.vilamouraworld.com\/\"},{\"@type\":\"ListItem\",\"position\":2,\"name\":\"Subscri\u00e7\u00e3o de Newsletter\"}]},{\"@type\":\"WebSite\",\"@id\":\"https:\/\/www.vilamouraworld.com\/#website\",\"url\":\"https:\/\/www.vilamouraworld.com\/\",\"name\":\"*Vilamoura\",\"description\":\"Becoming Extraordinary\",\"publisher\":{\"@id\":\"https:\/\/www.vilamouraworld.com\/#organization\"},\"potentialAction\":[{\"@type\":\"SearchAction\",\"target\":{\"@type\":\"EntryPoint\",\"urlTemplate\":\"https:\/\/www.vilamouraworld.com\/?s={search_term_string}\"},\"query-input\":{\"@type\":\"PropertyValueSpecification\",\"valueRequired\":true,\"valueName\":\"search_term_string\"}}],\"inLanguage\":\"pt-PT\"},{\"@type\":\"Organization\",\"@id\":\"https:\/\/www.vilamouraworld.com\/#organization\",\"name\":\"*Vilamoura\",\"url\":\"https:\/\/www.vilamouraworld.com\/\",\"logo\":{\"@type\":\"ImageObject\",\"inLanguage\":\"pt-PT\",\"@id\":\"https:\/\/www.vilamouraworld.com\/#\/schema\/logo\/image\/\",\"url\":\"https:\/\/www.vilamouraworld.com\/wp-content\/uploads\/2023\/07\/Vilamoura_Logo_White.svg\",\"contentUrl\":\"https:\/\/www.vilamouraworld.com\/wp-content\/uploads\/2023\/07\/Vilamoura_Logo_White.svg\",\"width\":6199,\"height\":960,\"caption\":\"*Vilamoura\"},\"image\":{\"@id\":\"https:\/\/www.vilamouraworld.com\/#\/schema\/logo\/image\/\"}}]}<\/script>\n<!-- \/ Yoast SEO plugin. -->","yoast_head_json":{"title":"Subscri\u00e7\u00e3o de Newsletter - *Vilamoura","robots":{"index":"index","follow":"follow","max-snippet":"max-snippet:-1","max-image-preview":"max-image-preview:large","max-video-preview":"max-video-preview:-1"},"canonical":"https:\/\/www.vilamouraworld.com\/newsletter-subscription\/","og_locale":"pt_PT","og_type":"article","og_title":"Subscri\u00e7\u00e3o de Newsletter - *Vilamoura","og_description":"CONECTE-se a Vilamoura SCROLL Subscreva a nossa newsletter Receba na sua caixa de email todas as minhas novidades, informa\u00e7\u00f5es sobre eventos e novos lan\u00e7amentos imobili\u00e1rios. Deixe o seu email abaixo e estaremos em contacto.","og_url":"https:\/\/www.vilamouraworld.com\/newsletter-subscription\/","og_site_name":"*Vilamoura","article_modified_time":"2025-03-11T16:33:58+00:00","twitter_card":"summary_large_image","twitter_misc":{"Tempo estimado de leitura":"1 minuto"},"schema":{"@context":"https:\/\/schema.org","@graph":[{"@type":"WebPage","@id":"https:\/\/www.vilamouraworld.com\/newsletter-subscription\/","url":"https:\/\/www.vilamouraworld.com\/newsletter-subscription\/","name":"Subscri\u00e7\u00e3o de Newsletter - *Vilamoura","isPartOf":{"@id":"https:\/\/www.vilamouraworld.com\/#website"},"datePublished":"2024-02-08T18:09:22+00:00","dateModified":"2025-03-11T16:33:58+00:00","breadcrumb":{"@id":"https:\/\/www.vilamouraworld.com\/newsletter-subscription\/#breadcrumb"},"inLanguage":"pt-PT","potentialAction":[{"@type":"ReadAction","target":["https:\/\/www.vilamouraworld.com\/newsletter-subscription\/"]}]},{"@type":"BreadcrumbList","@id":"https:\/\/www.vilamouraworld.com\/newsletter-subscription\/#breadcrumb","itemListElement":[{"@type":"ListItem","position":1,"name":"Home","item":"https:\/\/www.vilamouraworld.com\/"},{"@type":"ListItem","position":2,"name":"Subscri\u00e7\u00e3o de Newsletter"}]},{"@type":"WebSite","@id":"https:\/\/www.vilamouraworld.com\/#website","url":"https:\/\/www.vilamouraworld.com\/","name":"*Vilamoura","description":"Becoming Extraordinary","publisher":{"@id":"https:\/\/www.vilamouraworld.com\/#organization"},"potentialAction":[{"@type":"SearchAction","target":{"@type":"EntryPoint","urlTemplate":"https:\/\/www.vilamouraworld.com\/?s={search_term_string}"},"query-input":{"@type":"PropertyValueSpecification","valueRequired":true,"valueName":"search_term_string"}}],"inLanguage":"pt-PT"},{"@type":"Organization","@id":"https:\/\/www.vilamouraworld.com\/#organization","name":"*Vilamoura","url":"https:\/\/www.vilamouraworld.com\/","logo":{"@type":"ImageObject","inLanguage":"pt-PT","@id":"https:\/\/www.vilamouraworld.com\/#\/schema\/logo\/image\/","url":"https:\/\/www.vilamouraworld.com\/wp-content\/uploads\/2023\/07\/Vilamoura_Logo_White.svg","contentUrl":"https:\/\/www.vilamouraworld.com\/wp-content\/uploads\/2023\/07\/Vilamoura_Logo_White.svg","width":6199,"height":960,"caption":"*Vilamoura"},"image":{"@id":"https:\/\/www.vilamouraworld.com\/#\/schema\/logo\/image\/"}}]}},"_links":{"self":[{"href":"https:\/\/www.vilamouraworld.com\/pt-pt\/wp-json\/wp\/v2\/pages\/7784","targetHints":{"allow":["GET"]}}],"collection":[{"href":"https:\/\/www.vilamouraworld.com\/pt-pt\/wp-json\/wp\/v2\/pages"}],"about":[{"href":"https:\/\/www.vilamouraworld.com\/pt-pt\/wp-json\/wp\/v2\/types\/page"}],"author":[{"embeddable":true,"href":"https:\/\/www.vilamouraworld.com\/pt-pt\/wp-json\/wp\/v2\/users\/24"}],"replies":[{"embeddable":true,"href":"https:\/\/www.vilamouraworld.com\/pt-pt\/wp-json\/wp\/v2\/comments?post=7784"}],"version-history":[{"count":12,"href":"https:\/\/www.vilamouraworld.com\/pt-pt\/wp-json\/wp\/v2\/pages\/7784\/revisions"}],"predecessor-version":[{"id":13423,"href":"https:\/\/www.vilamouraworld.com\/pt-pt\/wp-json\/wp\/v2\/pages\/7784\/revisions\/13423"}],"wp:attachment":[{"href":"https:\/\/www.vilamouraworld.com\/pt-pt\/wp-json\/wp\/v2\/media?parent=7784"}],"curies":[{"name":"wp","href":"https:\/\/api.w.org\/{rel}","templated":true}]}}