{"id":5050,"date":"2023-09-15T15:46:38","date_gmt":"2023-09-15T14:46:38","guid":{"rendered":"https:\/\/www.vilamouraworld.com\/imoveis\/the-nine\/brochura\/"},"modified":"2025-08-08T11:18:58","modified_gmt":"2025-08-08T10:18:58","slug":"brochura","status":"publish","type":"page","link":"https:\/\/www.vilamouraworld.com\/pt-pt\/imobiliario\/the-nine\/brochura\/","title":{"rendered":"Brochura"},"content":{"rendered":"\t\t<div data-elementor-type=\"wp-page\" data-elementor-id=\"5050\" class=\"elementor elementor-5050 elementor-3758\" data-elementor-post-type=\"page\">\n\t\t\t\t\t\t<section class=\"elementor-section elementor-top-section elementor-element elementor-element-a3f21c7 elementor-section-full_width elementor-section-height-min-height elementor-section-content-middle elementor-section-height-default elementor-section-items-middle\" data-id=\"a3f21c7\" data-element_type=\"section\" data-e-type=\"section\" data-settings=\"{&quot;background_background&quot;:&quot;classic&quot;}\">\n\t\t\t\t\t\t\t<div class=\"elementor-background-overlay\"><\/div>\n\t\t\t\t\t\t\t<div class=\"elementor-container elementor-column-gap-default\">\n\t\t\t\t\t<div class=\"elementor-column elementor-col-100 elementor-top-column elementor-element elementor-element-992f519\" data-id=\"992f519\" data-element_type=\"column\" data-e-type=\"column\">\n\t\t\t<div class=\"elementor-widget-wrap elementor-element-populated\">\n\t\t\t\t\t\t<section class=\"elementor-section elementor-inner-section elementor-element elementor-element-56e86ed elementor-section-boxed elementor-section-height-default elementor-section-height-default\" data-id=\"56e86ed\" data-element_type=\"section\" data-e-type=\"section\">\n\t\t\t\t\t\t<div class=\"elementor-container elementor-column-gap-default\">\n\t\t\t\t\t<div class=\"elementor-column elementor-col-100 elementor-inner-column elementor-element elementor-element-c755241\" data-id=\"c755241\" data-element_type=\"column\" data-e-type=\"column\">\n\t\t\t<div class=\"elementor-widget-wrap elementor-element-populated\">\n\t\t\t\t\t\t<div class=\"elementor-element elementor-element-d83edf3 elementor-widget elementor-widget-heading\" data-id=\"d83edf3\" data-element_type=\"widget\" data-e-type=\"widget\" data-widget_type=\"heading.default\">\n\t\t\t\t<div class=\"elementor-widget-container\">\n\t\t\t\t\t<h3 class=\"elementor-heading-title elementor-size-default\">Brochura &amp; Pre\u00e7os<\/h3>\t\t\t\t<\/div>\n\t\t\t\t<\/div>\n\t\t\t\t<div class=\"elementor-element elementor-element-a1de23b elementor-widget elementor-widget-heading\" data-id=\"a1de23b\" data-element_type=\"widget\" data-e-type=\"widget\" data-widget_type=\"heading.default\">\n\t\t\t\t<div class=\"elementor-widget-container\">\n\t\t\t\t\t<h1 class=\"elementor-heading-title elementor-size-default\">The Nine<\/h1>\t\t\t\t<\/div>\n\t\t\t\t<\/div>\n\t\t\t\t<div class=\"elementor-element elementor-element-b80f2e2 elementor-widget elementor-widget-text-editor\" data-id=\"b80f2e2\" data-element_type=\"widget\" data-e-type=\"widget\" data-widget_type=\"text-editor.default\">\n\t\t\t\t<div class=\"elementor-widget-container\">\n\t\t\t\t\t\t\t\t\tAgradecemos o seu interesse. A nossa equipa comercial entrar\u00e1 em contacto para esclarecer quaisquer quest\u00f5es. Abaixo, poder\u00e1 fazer o download da brochura e consultar os pre\u00e7os das unidades nos floor plans 3D interactivos.  \t\t\t\t\t\t\t\t<\/div>\n\t\t\t\t<\/div>\n\t\t\t\t\t<\/div>\n\t\t<\/div>\n\t\t\t\t\t<\/div>\n\t\t<\/section>\n\t\t\t\t<section class=\"elementor-section elementor-inner-section elementor-element elementor-element-66bf4e5 elementor-section-boxed elementor-section-height-default elementor-section-height-default\" data-id=\"66bf4e5\" data-element_type=\"section\" data-e-type=\"section\">\n\t\t\t\t\t\t<div class=\"elementor-container elementor-column-gap-default\">\n\t\t\t\t\t<div class=\"elementor-column elementor-col-50 elementor-inner-column elementor-element elementor-element-bcbe64e\" data-id=\"bcbe64e\" data-element_type=\"column\" data-e-type=\"column\">\n\t\t\t<div class=\"elementor-widget-wrap elementor-element-populated\">\n\t\t\t\t\t\t<div class=\"elementor-element elementor-element-005a9f4 elementor-align-right elementor-mobile-align-center elementor-widget__width-auto elementor-invisible elementor-widget elementor-widget-button\" data-id=\"005a9f4\" data-element_type=\"widget\" data-e-type=\"widget\" data-settings=\"{&quot;_animation&quot;:&quot;fadeIn&quot;,&quot;_animation_delay&quot;:300}\" data-widget_type=\"button.default\">\n\t\t\t\t<div class=\"elementor-widget-container\">\n\t\t\t\t\t\t\t\t\t<div class=\"elementor-button-wrapper\">\n\t\t\t\t\t<a class=\"elementor-button elementor-button-link elementor-size-md elementor-animation-pop\" href=\"https:\/\/www.vilamouraworld.com\/wp-content\/uploads\/2024\/02\/The-Nine-Brochure.pdf\" target=\"_blank\" id=\"icon-width-30\">\n\t\t\t\t\t\t<span class=\"elementor-button-content-wrapper\">\n\t\t\t\t\t\t<span class=\"elementor-button-icon\">\n\t\t\t\t<svg xmlns=\"http:\/\/www.w3.org\/2000\/svg\" id=\"uuid-b5e14061-f7a1-4d91-a268-1ec4b6455ba1\" viewBox=\"0 0 27 27\"><defs><clipPath id=\"uuid-0169627f-7acf-4925-9724-07ad54882cb8\"><path d=\"M0 0h27v27H0z\" class=\"uuid-0ee53086-a37f-4f49-96b1-33dc73c8760d\"><\/path><\/clipPath><\/defs><path d=\"m13.5 17.22-3.89-3.89.63-.6 2.83 2.81V5.24h.87v10.3l2.83-2.81.63.6-3.89 3.89Zm-7.88 4.15v-4.54h.87v3.68h14.02v-3.68h.87v4.54H5.63Z\" class=\"uuid-e6c9dcc0-4df2-40f1-b23a-fa511696b52b\"><\/path><\/svg>\t\t\t<\/span>\n\t\t\t\t\t\t\t\t\t<span class=\"elementor-button-text\">Download da Brochura<\/span>\n\t\t\t\t\t<\/span>\n\t\t\t\t\t<\/a>\n\t\t\t\t<\/div>\n\t\t\t\t\t\t\t\t<\/div>\n\t\t\t\t<\/div>\n\t\t\t\t\t<\/div>\n\t\t<\/div>\n\t\t\t\t<div class=\"elementor-column elementor-col-50 elementor-inner-column elementor-element elementor-element-767f7fe\" data-id=\"767f7fe\" data-element_type=\"column\" data-e-type=\"column\">\n\t\t\t<div class=\"elementor-widget-wrap elementor-element-populated\">\n\t\t\t\t\t\t<div class=\"elementor-element elementor-element-8cfb438 elementor-align-center elementor-widget__width-auto elementor-invisible elementor-widget elementor-widget-button\" data-id=\"8cfb438\" data-element_type=\"widget\" data-e-type=\"widget\" data-settings=\"{&quot;_animation&quot;:&quot;fadeIn&quot;,&quot;_animation_delay&quot;:300}\" data-widget_type=\"button.default\">\n\t\t\t\t<div class=\"elementor-widget-container\">\n\t\t\t\t\t\t\t\t\t<div class=\"elementor-button-wrapper\">\n\t\t\t\t\t<a class=\"elementor-button elementor-button-link elementor-size-md elementor-animation-pop\" href=\"#pricing\" id=\"icon-width-30\">\n\t\t\t\t\t\t<span class=\"elementor-button-content-wrapper\">\n\t\t\t\t\t\t<span class=\"elementor-button-icon\">\n\t\t\t\t<svg xmlns=\"http:\/\/www.w3.org\/2000\/svg\" id=\"uuid-4ab59add-01b8-491e-8da7-7c10229a8164\" viewBox=\"0 0 70 70\"><defs><clipPath id=\"uuid-0b87f0a1-5599-4569-8452-a6f9e24257a1\"><path d=\"M0 0h70v70H0z\" class=\"uuid-0dc844fe-7471-4783-846b-438f233f203d\"><\/path><\/clipPath><\/defs><path d=\"M12.44 34.24V32h44.9v2.24h-44.9Zm19.63-1.12V12.76h2.24v20.35h-2.24Zm-20.4 25.22V11.67h2.24v44.42h42.18V13.91H11.67v-2.24h46.67v46.67H11.67Z\" class=\"uuid-eb889b09-7476-4b20-9697-55f06ca0caeb\"><\/path><\/svg>\t\t\t<\/span>\n\t\t\t\t\t\t\t\t\t<span class=\"elementor-button-text\">Planta e pre\u00e7os<\/span>\n\t\t\t\t\t<\/span>\n\t\t\t\t\t<\/a>\n\t\t\t\t<\/div>\n\t\t\t\t\t\t\t\t<\/div>\n\t\t\t\t<\/div>\n\t\t\t\t\t<\/div>\n\t\t<\/div>\n\t\t\t\t\t<\/div>\n\t\t<\/section>\n\t\t\t\t\t<\/div>\n\t\t<\/div>\n\t\t\t\t\t<\/div>\n\t\t<\/section>\n\t\t\t\t<section class=\"elementor-section elementor-top-section elementor-element elementor-element-776a167 elementor-section-full_width elementor-section-height-default elementor-section-height-default\" data-id=\"776a167\" data-element_type=\"section\" data-e-type=\"section\" id=\"pricing\">\n\t\t\t\t\t\t<div class=\"elementor-container elementor-column-gap-default\">\n\t\t\t\t\t<div class=\"elementor-column elementor-col-100 elementor-top-column elementor-element elementor-element-40b3bc1\" data-id=\"40b3bc1\" data-element_type=\"column\" data-e-type=\"column\">\n\t\t\t<div class=\"elementor-widget-wrap elementor-element-populated\">\n\t\t\t\t\t\t<section class=\"elementor-section elementor-inner-section elementor-element elementor-element-23af882 elementor-section-boxed elementor-section-height-default elementor-section-height-default\" data-id=\"23af882\" data-element_type=\"section\" data-e-type=\"section\">\n\t\t\t\t\t\t<div class=\"elementor-container elementor-column-gap-default\">\n\t\t\t\t\t<div class=\"elementor-column elementor-col-50 elementor-inner-column elementor-element elementor-element-14235ce\" data-id=\"14235ce\" data-element_type=\"column\" data-e-type=\"column\">\n\t\t\t<div class=\"elementor-widget-wrap elementor-element-populated\">\n\t\t\t\t\t\t<div class=\"elementor-element elementor-element-b490c50 elementor-widget elementor-widget-heading\" data-id=\"b490c50\" data-element_type=\"widget\" data-e-type=\"widget\" data-widget_type=\"heading.default\">\n\t\t\t\t<div class=\"elementor-widget-container\">\n\t\t\t\t\t<h3 class=\"elementor-heading-title elementor-size-default\">Pre\u00e7os &amp; Plantas<\/h3>\t\t\t\t<\/div>\n\t\t\t\t<\/div>\n\t\t\t\t<div class=\"elementor-element elementor-element-0340e54 elementor-widget elementor-widget-heading\" data-id=\"0340e54\" data-element_type=\"widget\" data-e-type=\"widget\" data-widget_type=\"heading.default\">\n\t\t\t\t<div class=\"elementor-widget-container\">\n\t\t\t\t\t<h2 class=\"elementor-heading-title elementor-size-default\">ESCOLHA A SUA<\/h2>\t\t\t\t<\/div>\n\t\t\t\t<\/div>\n\t\t\t\t\t<\/div>\n\t\t<\/div>\n\t\t\t\t<div class=\"elementor-column elementor-col-50 elementor-inner-column elementor-element elementor-element-7d112b9\" data-id=\"7d112b9\" data-element_type=\"column\" data-e-type=\"column\">\n\t\t\t<div class=\"elementor-widget-wrap\">\n\t\t\t\t\t\t\t<\/div>\n\t\t<\/div>\n\t\t\t\t\t<\/div>\n\t\t<\/section>\n\t\t\t\t<section class=\"elementor-section elementor-inner-section elementor-element elementor-element-fd05510 elementor-section-full_width elementor-section-height-default elementor-section-height-default\" data-id=\"fd05510\" data-element_type=\"section\" data-e-type=\"section\">\n\t\t\t\t\t\t<div class=\"elementor-container elementor-column-gap-default\">\n\t\t\t\t\t<div class=\"elementor-column elementor-col-100 elementor-inner-column elementor-element elementor-element-625989c animated-slow elementor-invisible\" data-id=\"625989c\" data-element_type=\"column\" data-e-type=\"column\" data-settings=\"{&quot;animation&quot;:&quot;fadeInUp&quot;}\">\n\t\t\t<div class=\"elementor-widget-wrap elementor-element-populated\">\n\t\t\t\t\t\t<div class=\"elementor-element elementor-element-e453e8f elementor-widget elementor-widget-html\" data-id=\"e453e8f\" data-element_type=\"widget\" data-e-type=\"widget\" data-widget_type=\"html.default\">\n\t\t\t\t<div class=\"elementor-widget-container\">\n\t\t\t\t\t<iframe frameborder=\"0\" src=\"https:\/\/allinone.prod.resimo.io\/vilamoura\/with-price-the-nine\/#\/?app=0&amp;lang=en\" allow=\"fullscreen\" class=\"allinone-iframe\"><\/iframe>\t\t\t\t<\/div>\n\t\t\t\t<\/div>\n\t\t\t\t\t<\/div>\n\t\t<\/div>\n\t\t\t\t\t<\/div>\n\t\t<\/section>\n\t\t\t\t\t<\/div>\n\t\t<\/div>\n\t\t\t\t\t<\/div>\n\t\t<\/section>\n\t\t\t\t<\/div>\n\t\t","protected":false},"excerpt":{"rendered":"<p>Brochura &amp; Pre\u00e7os The Nine Agradecemos o seu interesse. A nossa equipa comercial entrar\u00e1 em contacto para esclarecer quaisquer quest\u00f5es. Abaixo, poder\u00e1 fazer o download da brochura e consultar os pre\u00e7os das unidades nos floor plans 3D interactivos. Download da Brochura Planta e pre\u00e7os Pre\u00e7os &amp; Plantas ESCOLHA A SUA<\/p>\n","protected":false},"author":24,"featured_media":0,"parent":4996,"menu_order":0,"comment_status":"closed","ping_status":"closed","template":"elementor_header_footer","meta":{"footnotes":""},"class_list":["post-5050","page","type-page","status-publish","hentry"],"yoast_head":"<!-- This site is optimized with the Yoast SEO plugin v27.1.1 - https:\/\/yoast.com\/product\/yoast-seo-wordpress\/ -->\n<title>Brochura - *Vilamoura<\/title>\n<meta name=\"robots\" content=\"noindex, nofollow\" \/>\n<meta property=\"og:locale\" content=\"pt_PT\" \/>\n<meta property=\"og:type\" content=\"article\" \/>\n<meta property=\"og:title\" content=\"Brochura - *Vilamoura\" \/>\n<meta property=\"og:description\" content=\"Brochura &amp; Pre\u00e7os The Nine Agradecemos o seu interesse. A nossa equipa comercial entrar\u00e1 em contacto para esclarecer quaisquer quest\u00f5es. Abaixo, poder\u00e1 fazer o download da brochura e consultar os pre\u00e7os das unidades nos floor plans 3D interactivos. Download da Brochura Planta e pre\u00e7os Pre\u00e7os &amp; Plantas ESCOLHA A SUA\" \/>\n<meta property=\"og:url\" content=\"https:\/\/www.vilamouraworld.com\/pt-pt\/imobiliario\/the-nine\/brochura\/\" \/>\n<meta property=\"og:site_name\" content=\"*Vilamoura\" \/>\n<meta property=\"article:modified_time\" content=\"2025-08-08T10:18:58+00:00\" \/>\n<meta name=\"twitter:card\" content=\"summary_large_image\" \/>\n<meta name=\"twitter:label1\" content=\"Tempo estimado de leitura\" \/>\n\t<meta name=\"twitter:data1\" content=\"1 minuto\" \/>\n<script type=\"application\/ld+json\" class=\"yoast-schema-graph\">{\"@context\":\"https:\/\/schema.org\",\"@graph\":[{\"@type\":\"WebPage\",\"@id\":\"https:\/\/www.vilamouraworld.com\/pt-pt\/imobiliario\/the-nine\/brochura\/\",\"url\":\"https:\/\/www.vilamouraworld.com\/pt-pt\/imobiliario\/the-nine\/brochura\/\",\"name\":\"Brochura - *Vilamoura\",\"isPartOf\":{\"@id\":\"https:\/\/www.vilamouraworld.com\/#website\"},\"datePublished\":\"2023-09-15T14:46:38+00:00\",\"dateModified\":\"2025-08-08T10:18:58+00:00\",\"breadcrumb\":{\"@id\":\"https:\/\/www.vilamouraworld.com\/pt-pt\/imobiliario\/the-nine\/brochura\/#breadcrumb\"},\"inLanguage\":\"pt-PT\",\"potentialAction\":[{\"@type\":\"ReadAction\",\"target\":[\"https:\/\/www.vilamouraworld.com\/pt-pt\/imobiliario\/the-nine\/brochura\/\"]}]},{\"@type\":\"BreadcrumbList\",\"@id\":\"https:\/\/www.vilamouraworld.com\/pt-pt\/imobiliario\/the-nine\/brochura\/#breadcrumb\",\"itemListElement\":[{\"@type\":\"ListItem\",\"position\":1,\"name\":\"Home\",\"item\":\"https:\/\/www.vilamouraworld.com\/\"},{\"@type\":\"ListItem\",\"position\":2,\"name\":\"Im\u00f3veis\",\"item\":\"https:\/\/www.vilamouraworld.com\/pt-pt\/imobiliario\/\"},{\"@type\":\"ListItem\",\"position\":3,\"name\":\"The Nine\",\"item\":\"https:\/\/www.vilamouraworld.com\/pt-pt\/imobiliario\/the-nine\/\"},{\"@type\":\"ListItem\",\"position\":4,\"name\":\"Brochura\"}]},{\"@type\":\"WebSite\",\"@id\":\"https:\/\/www.vilamouraworld.com\/#website\",\"url\":\"https:\/\/www.vilamouraworld.com\/\",\"name\":\"*Vilamoura\",\"description\":\"Becoming Extraordinary\",\"publisher\":{\"@id\":\"https:\/\/www.vilamouraworld.com\/#organization\"},\"potentialAction\":[{\"@type\":\"SearchAction\",\"target\":{\"@type\":\"EntryPoint\",\"urlTemplate\":\"https:\/\/www.vilamouraworld.com\/?s={search_term_string}\"},\"query-input\":{\"@type\":\"PropertyValueSpecification\",\"valueRequired\":true,\"valueName\":\"search_term_string\"}}],\"inLanguage\":\"pt-PT\"},{\"@type\":\"Organization\",\"@id\":\"https:\/\/www.vilamouraworld.com\/#organization\",\"name\":\"*Vilamoura\",\"url\":\"https:\/\/www.vilamouraworld.com\/\",\"logo\":{\"@type\":\"ImageObject\",\"inLanguage\":\"pt-PT\",\"@id\":\"https:\/\/www.vilamouraworld.com\/#\/schema\/logo\/image\/\",\"url\":\"https:\/\/www.vilamouraworld.com\/wp-content\/uploads\/2023\/07\/Vilamoura_Logo_White.svg\",\"contentUrl\":\"https:\/\/www.vilamouraworld.com\/wp-content\/uploads\/2023\/07\/Vilamoura_Logo_White.svg\",\"width\":6199,\"height\":960,\"caption\":\"*Vilamoura\"},\"image\":{\"@id\":\"https:\/\/www.vilamouraworld.com\/#\/schema\/logo\/image\/\"}}]}<\/script>\n<!-- \/ Yoast SEO plugin. -->","yoast_head_json":{"title":"Brochura - *Vilamoura","robots":{"index":"noindex","follow":"nofollow"},"og_locale":"pt_PT","og_type":"article","og_title":"Brochura - *Vilamoura","og_description":"Brochura &amp; Pre\u00e7os The Nine Agradecemos o seu interesse. A nossa equipa comercial entrar\u00e1 em contacto para esclarecer quaisquer quest\u00f5es. Abaixo, poder\u00e1 fazer o download da brochura e consultar os pre\u00e7os das unidades nos floor plans 3D interactivos. Download da Brochura Planta e pre\u00e7os Pre\u00e7os &amp; Plantas ESCOLHA A SUA","og_url":"https:\/\/www.vilamouraworld.com\/pt-pt\/imobiliario\/the-nine\/brochura\/","og_site_name":"*Vilamoura","article_modified_time":"2025-08-08T10:18:58+00:00","twitter_card":"summary_large_image","twitter_misc":{"Tempo estimado de leitura":"1 minuto"},"schema":{"@context":"https:\/\/schema.org","@graph":[{"@type":"WebPage","@id":"https:\/\/www.vilamouraworld.com\/pt-pt\/imobiliario\/the-nine\/brochura\/","url":"https:\/\/www.vilamouraworld.com\/pt-pt\/imobiliario\/the-nine\/brochura\/","name":"Brochura - *Vilamoura","isPartOf":{"@id":"https:\/\/www.vilamouraworld.com\/#website"},"datePublished":"2023-09-15T14:46:38+00:00","dateModified":"2025-08-08T10:18:58+00:00","breadcrumb":{"@id":"https:\/\/www.vilamouraworld.com\/pt-pt\/imobiliario\/the-nine\/brochura\/#breadcrumb"},"inLanguage":"pt-PT","potentialAction":[{"@type":"ReadAction","target":["https:\/\/www.vilamouraworld.com\/pt-pt\/imobiliario\/the-nine\/brochura\/"]}]},{"@type":"BreadcrumbList","@id":"https:\/\/www.vilamouraworld.com\/pt-pt\/imobiliario\/the-nine\/brochura\/#breadcrumb","itemListElement":[{"@type":"ListItem","position":1,"name":"Home","item":"https:\/\/www.vilamouraworld.com\/"},{"@type":"ListItem","position":2,"name":"Im\u00f3veis","item":"https:\/\/www.vilamouraworld.com\/pt-pt\/imobiliario\/"},{"@type":"ListItem","position":3,"name":"The Nine","item":"https:\/\/www.vilamouraworld.com\/pt-pt\/imobiliario\/the-nine\/"},{"@type":"ListItem","position":4,"name":"Brochura"}]},{"@type":"WebSite","@id":"https:\/\/www.vilamouraworld.com\/#website","url":"https:\/\/www.vilamouraworld.com\/","name":"*Vilamoura","description":"Becoming Extraordinary","publisher":{"@id":"https:\/\/www.vilamouraworld.com\/#organization"},"potentialAction":[{"@type":"SearchAction","target":{"@type":"EntryPoint","urlTemplate":"https:\/\/www.vilamouraworld.com\/?s={search_term_string}"},"query-input":{"@type":"PropertyValueSpecification","valueRequired":true,"valueName":"search_term_string"}}],"inLanguage":"pt-PT"},{"@type":"Organization","@id":"https:\/\/www.vilamouraworld.com\/#organization","name":"*Vilamoura","url":"https:\/\/www.vilamouraworld.com\/","logo":{"@type":"ImageObject","inLanguage":"pt-PT","@id":"https:\/\/www.vilamouraworld.com\/#\/schema\/logo\/image\/","url":"https:\/\/www.vilamouraworld.com\/wp-content\/uploads\/2023\/07\/Vilamoura_Logo_White.svg","contentUrl":"https:\/\/www.vilamouraworld.com\/wp-content\/uploads\/2023\/07\/Vilamoura_Logo_White.svg","width":6199,"height":960,"caption":"*Vilamoura"},"image":{"@id":"https:\/\/www.vilamouraworld.com\/#\/schema\/logo\/image\/"}}]}},"_links":{"self":[{"href":"https:\/\/www.vilamouraworld.com\/pt-pt\/wp-json\/wp\/v2\/pages\/5050","targetHints":{"allow":["GET"]}}],"collection":[{"href":"https:\/\/www.vilamouraworld.com\/pt-pt\/wp-json\/wp\/v2\/pages"}],"about":[{"href":"https:\/\/www.vilamouraworld.com\/pt-pt\/wp-json\/wp\/v2\/types\/page"}],"author":[{"embeddable":true,"href":"https:\/\/www.vilamouraworld.com\/pt-pt\/wp-json\/wp\/v2\/users\/24"}],"replies":[{"embeddable":true,"href":"https:\/\/www.vilamouraworld.com\/pt-pt\/wp-json\/wp\/v2\/comments?post=5050"}],"version-history":[{"count":20,"href":"https:\/\/www.vilamouraworld.com\/pt-pt\/wp-json\/wp\/v2\/pages\/5050\/revisions"}],"predecessor-version":[{"id":18132,"href":"https:\/\/www.vilamouraworld.com\/pt-pt\/wp-json\/wp\/v2\/pages\/5050\/revisions\/18132"}],"up":[{"embeddable":true,"href":"https:\/\/www.vilamouraworld.com\/pt-pt\/wp-json\/wp\/v2\/pages\/4996"}],"wp:attachment":[{"href":"https:\/\/www.vilamouraworld.com\/pt-pt\/wp-json\/wp\/v2\/media?parent=5050"}],"curies":[{"name":"wp","href":"https:\/\/api.w.org\/{rel}","templated":true}]}}