{"id":22313,"date":"2026-03-26T15:49:27","date_gmt":"2026-03-26T15:49:27","guid":{"rendered":"https:\/\/www.vilamouraworld.com\/imobiliario\/rivus\/brochura\/"},"modified":"2026-03-27T17:43:02","modified_gmt":"2026-03-27T17:43:02","slug":"brochura","status":"publish","type":"page","link":"https:\/\/www.vilamouraworld.com\/pt-pt\/imobiliario\/rivus\/brochura\/","title":{"rendered":"Brochura"},"content":{"rendered":"\t\t<div data-elementor-type=\"wp-page\" data-elementor-id=\"22313\" class=\"elementor elementor-22313 elementor-22179\" data-elementor-post-type=\"page\">\n\t\t\t\t\t\t<section class=\"elementor-section elementor-top-section elementor-element elementor-element-732bc5f elementor-section-full_width elementor-section-height-min-height elementor-section-content-middle elementor-section-height-default elementor-section-items-middle\" data-id=\"732bc5f\" data-element_type=\"section\" data-e-type=\"section\" data-settings=\"{&quot;background_background&quot;:&quot;classic&quot;}\">\n\t\t\t\t\t\t\t<div class=\"elementor-background-overlay\"><\/div>\n\t\t\t\t\t\t\t<div class=\"elementor-container elementor-column-gap-default\">\n\t\t\t\t\t<div class=\"elementor-column elementor-col-100 elementor-top-column elementor-element elementor-element-b3fe120\" data-id=\"b3fe120\" data-element_type=\"column\" data-e-type=\"column\">\n\t\t\t<div class=\"elementor-widget-wrap elementor-element-populated\">\n\t\t\t\t\t\t<section class=\"elementor-section elementor-inner-section elementor-element elementor-element-26c7b7c elementor-section-boxed elementor-section-height-default elementor-section-height-default\" data-id=\"26c7b7c\" data-element_type=\"section\" data-e-type=\"section\">\n\t\t\t\t\t\t<div class=\"elementor-container elementor-column-gap-default\">\n\t\t\t\t\t<div class=\"elementor-column elementor-col-100 elementor-inner-column elementor-element elementor-element-a89e347\" data-id=\"a89e347\" data-element_type=\"column\" data-e-type=\"column\">\n\t\t\t<div class=\"elementor-widget-wrap elementor-element-populated\">\n\t\t\t\t\t\t<div class=\"elementor-element elementor-element-09beb50 elementor-widget elementor-widget-heading\" data-id=\"09beb50\" data-element_type=\"widget\" data-e-type=\"widget\" data-widget_type=\"heading.default\">\n\t\t\t\t<div class=\"elementor-widget-container\">\n\t\t\t\t\t<h1 class=\"elementor-heading-title elementor-size-default\">Rivus<\/h1>\t\t\t\t<\/div>\n\t\t\t\t<\/div>\n\t\t\t\t<div class=\"elementor-element elementor-element-9b66d47 elementor-widget elementor-widget-text-editor\" data-id=\"9b66d47\" data-element_type=\"widget\" data-e-type=\"widget\" data-widget_type=\"text-editor.default\">\n\t\t\t\t<div class=\"elementor-widget-container\">\n\t\t\t\t\t\t\t\t\tAgradecemos o seu interesse. A nossa equipa comercial entrar\u00e1 em contacto para esclarecer quaisquer quest\u00f5es. \t\t\t\t\t\t\t\t<\/div>\n\t\t\t\t<\/div>\n\t\t\t\t\t<\/div>\n\t\t<\/div>\n\t\t\t\t\t<\/div>\n\t\t<\/section>\n\t\t\t\t<section class=\"elementor-section elementor-inner-section elementor-element elementor-element-ea8a8af elementor-section-boxed elementor-section-height-default elementor-section-height-default\" data-id=\"ea8a8af\" data-element_type=\"section\" data-e-type=\"section\">\n\t\t\t\t\t\t<div class=\"elementor-container elementor-column-gap-default\">\n\t\t\t\t\t<div class=\"elementor-column elementor-col-50 elementor-inner-column elementor-element elementor-element-4433426\" data-id=\"4433426\" data-element_type=\"column\" data-e-type=\"column\">\n\t\t\t<div class=\"elementor-widget-wrap elementor-element-populated\">\n\t\t\t\t\t\t<div class=\"elementor-element elementor-element-c97ec4c elementor-align-right elementor-mobile-align-center elementor-widget__width-auto elementor-invisible elementor-widget elementor-widget-button\" data-id=\"c97ec4c\" data-element_type=\"widget\" data-e-type=\"widget\" data-settings=\"{&quot;_animation&quot;:&quot;fadeIn&quot;,&quot;_animation_delay&quot;:300}\" data-widget_type=\"button.default\">\n\t\t\t\t<div class=\"elementor-widget-container\">\n\t\t\t\t\t\t\t\t\t<div class=\"elementor-button-wrapper\">\n\t\t\t\t\t<a class=\"elementor-button elementor-button-link elementor-size-md elementor-animation-pop\" href=\"https:\/\/www.vilamouraworld.com\/wp-content\/uploads\/2026\/03\/Vilamoura_Rivus_-_BrochuraDigital_20260320.pdf\" target=\"_blank\" id=\"icon-width-30\">\n\t\t\t\t\t\t<span class=\"elementor-button-content-wrapper\">\n\t\t\t\t\t\t<span class=\"elementor-button-icon\">\n\t\t\t\t<svg xmlns=\"http:\/\/www.w3.org\/2000\/svg\" id=\"uuid-b5e14061-f7a1-4d91-a268-1ec4b6455ba1\" viewBox=\"0 0 27 27\"><defs><clipPath id=\"uuid-0169627f-7acf-4925-9724-07ad54882cb8\"><path d=\"M0 0h27v27H0z\" class=\"uuid-0ee53086-a37f-4f49-96b1-33dc73c8760d\"><\/path><\/clipPath><\/defs><path d=\"m13.5 17.22-3.89-3.89.63-.6 2.83 2.81V5.24h.87v10.3l2.83-2.81.63.6-3.89 3.89Zm-7.88 4.15v-4.54h.87v3.68h14.02v-3.68h.87v4.54H5.63Z\" class=\"uuid-e6c9dcc0-4df2-40f1-b23a-fa511696b52b\"><\/path><\/svg>\t\t\t<\/span>\n\t\t\t\t\t\t\t\t\t<span class=\"elementor-button-text\">Descarregar Brochura<\/span>\n\t\t\t\t\t<\/span>\n\t\t\t\t\t<\/a>\n\t\t\t\t<\/div>\n\t\t\t\t\t\t\t\t<\/div>\n\t\t\t\t<\/div>\n\t\t\t\t\t<\/div>\n\t\t<\/div>\n\t\t\t\t<div class=\"elementor-column elementor-col-50 elementor-inner-column elementor-element elementor-element-55306bb\" data-id=\"55306bb\" data-element_type=\"column\" data-e-type=\"column\">\n\t\t\t<div class=\"elementor-widget-wrap elementor-element-populated\">\n\t\t\t\t\t\t<div class=\"elementor-element elementor-element-645f0ff elementor-align-center elementor-widget__width-auto elementor-invisible elementor-widget elementor-widget-button\" data-id=\"645f0ff\" data-element_type=\"widget\" data-e-type=\"widget\" data-settings=\"{&quot;_animation&quot;:&quot;fadeIn&quot;,&quot;_animation_delay&quot;:300}\" data-widget_type=\"button.default\">\n\t\t\t\t<div class=\"elementor-widget-container\">\n\t\t\t\t\t\t\t\t\t<div class=\"elementor-button-wrapper\">\n\t\t\t\t\t<a class=\"elementor-button elementor-button-link elementor-size-md elementor-animation-pop\" href=\"https:\/\/www.vilamouraworld.com\/wp-content\/uploads\/2026\/03\/Vilamoura-Rivus-Plantas-Comerciais_20260318.pdf\" target=\"_blank\" id=\"icon-width-30\">\n\t\t\t\t\t\t<span class=\"elementor-button-content-wrapper\">\n\t\t\t\t\t\t<span class=\"elementor-button-icon\">\n\t\t\t\t<svg xmlns=\"http:\/\/www.w3.org\/2000\/svg\" id=\"uuid-4ab59add-01b8-491e-8da7-7c10229a8164\" viewBox=\"0 0 70 70\"><defs><clipPath id=\"uuid-0b87f0a1-5599-4569-8452-a6f9e24257a1\"><path d=\"M0 0h70v70H0z\" class=\"uuid-0dc844fe-7471-4783-846b-438f233f203d\"><\/path><\/clipPath><\/defs><path d=\"M12.44 34.24V32h44.9v2.24h-44.9Zm19.63-1.12V12.76h2.24v20.35h-2.24Zm-20.4 25.22V11.67h2.24v44.42h42.18V13.91H11.67v-2.24h46.67v46.67H11.67Z\" class=\"uuid-eb889b09-7476-4b20-9697-55f06ca0caeb\"><\/path><\/svg>\t\t\t<\/span>\n\t\t\t\t\t\t\t\t\t<span class=\"elementor-button-text\">Descarregar Planta<\/span>\n\t\t\t\t\t<\/span>\n\t\t\t\t\t<\/a>\n\t\t\t\t<\/div>\n\t\t\t\t\t\t\t\t<\/div>\n\t\t\t\t<\/div>\n\t\t\t\t\t<\/div>\n\t\t<\/div>\n\t\t\t\t\t<\/div>\n\t\t<\/section>\n\t\t\t\t\t<\/div>\n\t\t<\/div>\n\t\t\t\t\t<\/div>\n\t\t<\/section>\n\t\t\t\t<section class=\"elementor-section elementor-top-section elementor-element elementor-element-5f249da elementor-section-full_width elementor-hidden-desktop elementor-hidden-tablet elementor-hidden-mobile elementor-section-height-default elementor-section-height-default\" data-id=\"5f249da\" data-element_type=\"section\" data-e-type=\"section\">\n\t\t\t\t\t\t<div class=\"elementor-container elementor-column-gap-default\">\n\t\t\t\t\t<div class=\"elementor-column elementor-col-100 elementor-top-column elementor-element elementor-element-1552c54\" data-id=\"1552c54\" data-element_type=\"column\" data-e-type=\"column\">\n\t\t\t<div class=\"elementor-widget-wrap elementor-element-populated\">\n\t\t\t\t\t\t<section class=\"elementor-section elementor-inner-section elementor-element elementor-element-eda3854 elementor-section-boxed elementor-section-height-default elementor-section-height-default\" data-id=\"eda3854\" data-element_type=\"section\" data-e-type=\"section\">\n\t\t\t\t\t\t<div class=\"elementor-container elementor-column-gap-default\">\n\t\t\t\t\t<div class=\"elementor-column elementor-col-50 elementor-inner-column elementor-element elementor-element-bd2fc68\" data-id=\"bd2fc68\" data-element_type=\"column\" data-e-type=\"column\">\n\t\t\t<div class=\"elementor-widget-wrap elementor-element-populated\">\n\t\t\t\t\t\t<div class=\"elementor-element elementor-element-6a11fa7 elementor-widget elementor-widget-heading\" data-id=\"6a11fa7\" data-element_type=\"widget\" data-e-type=\"widget\" data-widget_type=\"heading.default\">\n\t\t\t\t<div class=\"elementor-widget-container\">\n\t\t\t\t\t<h3 class=\"elementor-heading-title elementor-size-default\">Pre\u00e7os &amp; Plantas<\/h3>\t\t\t\t<\/div>\n\t\t\t\t<\/div>\n\t\t\t\t<div class=\"elementor-element elementor-element-24895de elementor-widget elementor-widget-heading\" data-id=\"24895de\" data-element_type=\"widget\" data-e-type=\"widget\" data-widget_type=\"heading.default\">\n\t\t\t\t<div class=\"elementor-widget-container\">\n\t\t\t\t\t<h2 class=\"elementor-heading-title elementor-size-default\">ESCOLHA A SUA<\/h2>\t\t\t\t<\/div>\n\t\t\t\t<\/div>\n\t\t\t\t\t<\/div>\n\t\t<\/div>\n\t\t\t\t<div class=\"elementor-column elementor-col-50 elementor-inner-column elementor-element elementor-element-bf9e85e\" data-id=\"bf9e85e\" data-element_type=\"column\" data-e-type=\"column\">\n\t\t\t<div class=\"elementor-widget-wrap\">\n\t\t\t\t\t\t\t<\/div>\n\t\t<\/div>\n\t\t\t\t\t<\/div>\n\t\t<\/section>\n\t\t\t\t<section class=\"elementor-section elementor-inner-section elementor-element elementor-element-e8c322e elementor-section-full_width elementor-section-height-default elementor-section-height-default\" data-id=\"e8c322e\" data-element_type=\"section\" data-e-type=\"section\">\n\t\t\t\t\t\t<div class=\"elementor-container elementor-column-gap-default\">\n\t\t\t\t\t<div class=\"elementor-column elementor-col-100 elementor-inner-column elementor-element elementor-element-221cfee animated-slow elementor-invisible\" data-id=\"221cfee\" data-element_type=\"column\" data-e-type=\"column\" data-settings=\"{&quot;animation&quot;:&quot;fadeInUp&quot;}\">\n\t\t\t<div class=\"elementor-widget-wrap elementor-element-populated\">\n\t\t\t\t\t\t<div class=\"elementor-element elementor-element-41d4391 elementor-widget elementor-widget-html\" data-id=\"41d4391\" data-element_type=\"widget\" data-e-type=\"widget\" data-widget_type=\"html.default\">\n\t\t\t\t<div class=\"elementor-widget-container\">\n\t\t\t\t\t<iframe frameborder=\"0\" src=\"https:\/\/allinone.prod.resimo.io\/vilamoura\/with-price-natura-village\/#\/?app=0&amp;lang=pt\" allow=\"fullscreen\" class=\"allinone-iframe\"><\/iframe>\t\t\t\t<\/div>\n\t\t\t\t<\/div>\n\t\t\t\t\t<\/div>\n\t\t<\/div>\n\t\t\t\t\t<\/div>\n\t\t<\/section>\n\t\t\t\t\t<\/div>\n\t\t<\/div>\n\t\t\t\t\t<\/div>\n\t\t<\/section>\n\t\t\t\t<\/div>\n\t\t","protected":false},"excerpt":{"rendered":"<p>Rivus Agradecemos o seu interesse. A nossa equipa comercial entrar\u00e1 em contacto para esclarecer quaisquer quest\u00f5es. Descarregar Brochura Descarregar Planta Pre\u00e7os &amp; Plantas ESCOLHA A SUA<\/p>\n","protected":false},"author":26,"featured_media":0,"parent":22306,"menu_order":0,"comment_status":"closed","ping_status":"closed","template":"","meta":{"footnotes":""},"class_list":["post-22313","page","type-page","status-publish","hentry"],"yoast_head":"<!-- This site is optimized with the Yoast SEO plugin v27.1.1 - https:\/\/yoast.com\/product\/yoast-seo-wordpress\/ -->\n<title>Brochura - *Vilamoura<\/title>\n<meta name=\"robots\" content=\"index, follow, max-snippet:-1, max-image-preview:large, max-video-preview:-1\" \/>\n<link rel=\"canonical\" href=\"https:\/\/www.vilamouraworld.com\/pt-pt\/imobiliario\/rivus\/brochura\/\" \/>\n<meta property=\"og:locale\" content=\"pt_PT\" \/>\n<meta property=\"og:type\" content=\"article\" \/>\n<meta property=\"og:title\" content=\"Brochura - *Vilamoura\" \/>\n<meta property=\"og:description\" content=\"Rivus Agradecemos o seu interesse. A nossa equipa comercial entrar\u00e1 em contacto para esclarecer quaisquer quest\u00f5es. Descarregar Brochura Descarregar Planta Pre\u00e7os &amp; Plantas ESCOLHA A SUA\" \/>\n<meta property=\"og:url\" content=\"https:\/\/www.vilamouraworld.com\/pt-pt\/imobiliario\/rivus\/brochura\/\" \/>\n<meta property=\"og:site_name\" content=\"*Vilamoura\" \/>\n<meta property=\"article:modified_time\" content=\"2026-03-27T17:43:02+00:00\" \/>\n<meta name=\"twitter:card\" content=\"summary_large_image\" \/>\n<script type=\"application\/ld+json\" class=\"yoast-schema-graph\">{\"@context\":\"https:\/\/schema.org\",\"@graph\":[{\"@type\":\"WebPage\",\"@id\":\"https:\/\/www.vilamouraworld.com\/pt-pt\/imobiliario\/rivus\/brochura\/\",\"url\":\"https:\/\/www.vilamouraworld.com\/pt-pt\/imobiliario\/rivus\/brochura\/\",\"name\":\"Brochura - *Vilamoura\",\"isPartOf\":{\"@id\":\"https:\/\/www.vilamouraworld.com\/#website\"},\"datePublished\":\"2026-03-26T15:49:27+00:00\",\"dateModified\":\"2026-03-27T17:43:02+00:00\",\"breadcrumb\":{\"@id\":\"https:\/\/www.vilamouraworld.com\/pt-pt\/imobiliario\/rivus\/brochura\/#breadcrumb\"},\"inLanguage\":\"pt-PT\",\"potentialAction\":[{\"@type\":\"ReadAction\",\"target\":[\"https:\/\/www.vilamouraworld.com\/pt-pt\/imobiliario\/rivus\/brochura\/\"]}]},{\"@type\":\"BreadcrumbList\",\"@id\":\"https:\/\/www.vilamouraworld.com\/pt-pt\/imobiliario\/rivus\/brochura\/#breadcrumb\",\"itemListElement\":[{\"@type\":\"ListItem\",\"position\":1,\"name\":\"Home\",\"item\":\"https:\/\/www.vilamouraworld.com\/\"},{\"@type\":\"ListItem\",\"position\":2,\"name\":\"Im\u00f3veis\",\"item\":\"https:\/\/www.vilamouraworld.com\/pt-pt\/imobiliario\/\"},{\"@type\":\"ListItem\",\"position\":3,\"name\":\"Rivus\",\"item\":\"https:\/\/www.vilamouraworld.com\/pt-pt\/imobiliario\/rivus\/\"},{\"@type\":\"ListItem\",\"position\":4,\"name\":\"Brochura\"}]},{\"@type\":\"WebSite\",\"@id\":\"https:\/\/www.vilamouraworld.com\/#website\",\"url\":\"https:\/\/www.vilamouraworld.com\/\",\"name\":\"*Vilamoura\",\"description\":\"Becoming Extraordinary\",\"publisher\":{\"@id\":\"https:\/\/www.vilamouraworld.com\/#organization\"},\"potentialAction\":[{\"@type\":\"SearchAction\",\"target\":{\"@type\":\"EntryPoint\",\"urlTemplate\":\"https:\/\/www.vilamouraworld.com\/?s={search_term_string}\"},\"query-input\":{\"@type\":\"PropertyValueSpecification\",\"valueRequired\":true,\"valueName\":\"search_term_string\"}}],\"inLanguage\":\"pt-PT\"},{\"@type\":\"Organization\",\"@id\":\"https:\/\/www.vilamouraworld.com\/#organization\",\"name\":\"*Vilamoura\",\"url\":\"https:\/\/www.vilamouraworld.com\/\",\"logo\":{\"@type\":\"ImageObject\",\"inLanguage\":\"pt-PT\",\"@id\":\"https:\/\/www.vilamouraworld.com\/#\/schema\/logo\/image\/\",\"url\":\"https:\/\/www.vilamouraworld.com\/wp-content\/uploads\/2023\/07\/Vilamoura_Logo_White.svg\",\"contentUrl\":\"https:\/\/www.vilamouraworld.com\/wp-content\/uploads\/2023\/07\/Vilamoura_Logo_White.svg\",\"width\":6199,\"height\":960,\"caption\":\"*Vilamoura\"},\"image\":{\"@id\":\"https:\/\/www.vilamouraworld.com\/#\/schema\/logo\/image\/\"}}]}<\/script>\n<!-- \/ Yoast SEO plugin. -->","yoast_head_json":{"title":"Brochura - *Vilamoura","robots":{"index":"index","follow":"follow","max-snippet":"max-snippet:-1","max-image-preview":"max-image-preview:large","max-video-preview":"max-video-preview:-1"},"canonical":"https:\/\/www.vilamouraworld.com\/pt-pt\/imobiliario\/rivus\/brochura\/","og_locale":"pt_PT","og_type":"article","og_title":"Brochura - *Vilamoura","og_description":"Rivus Agradecemos o seu interesse. A nossa equipa comercial entrar\u00e1 em contacto para esclarecer quaisquer quest\u00f5es. Descarregar Brochura Descarregar Planta Pre\u00e7os &amp; Plantas ESCOLHA A SUA","og_url":"https:\/\/www.vilamouraworld.com\/pt-pt\/imobiliario\/rivus\/brochura\/","og_site_name":"*Vilamoura","article_modified_time":"2026-03-27T17:43:02+00:00","twitter_card":"summary_large_image","schema":{"@context":"https:\/\/schema.org","@graph":[{"@type":"WebPage","@id":"https:\/\/www.vilamouraworld.com\/pt-pt\/imobiliario\/rivus\/brochura\/","url":"https:\/\/www.vilamouraworld.com\/pt-pt\/imobiliario\/rivus\/brochura\/","name":"Brochura - *Vilamoura","isPartOf":{"@id":"https:\/\/www.vilamouraworld.com\/#website"},"datePublished":"2026-03-26T15:49:27+00:00","dateModified":"2026-03-27T17:43:02+00:00","breadcrumb":{"@id":"https:\/\/www.vilamouraworld.com\/pt-pt\/imobiliario\/rivus\/brochura\/#breadcrumb"},"inLanguage":"pt-PT","potentialAction":[{"@type":"ReadAction","target":["https:\/\/www.vilamouraworld.com\/pt-pt\/imobiliario\/rivus\/brochura\/"]}]},{"@type":"BreadcrumbList","@id":"https:\/\/www.vilamouraworld.com\/pt-pt\/imobiliario\/rivus\/brochura\/#breadcrumb","itemListElement":[{"@type":"ListItem","position":1,"name":"Home","item":"https:\/\/www.vilamouraworld.com\/"},{"@type":"ListItem","position":2,"name":"Im\u00f3veis","item":"https:\/\/www.vilamouraworld.com\/pt-pt\/imobiliario\/"},{"@type":"ListItem","position":3,"name":"Rivus","item":"https:\/\/www.vilamouraworld.com\/pt-pt\/imobiliario\/rivus\/"},{"@type":"ListItem","position":4,"name":"Brochura"}]},{"@type":"WebSite","@id":"https:\/\/www.vilamouraworld.com\/#website","url":"https:\/\/www.vilamouraworld.com\/","name":"*Vilamoura","description":"Becoming Extraordinary","publisher":{"@id":"https:\/\/www.vilamouraworld.com\/#organization"},"potentialAction":[{"@type":"SearchAction","target":{"@type":"EntryPoint","urlTemplate":"https:\/\/www.vilamouraworld.com\/?s={search_term_string}"},"query-input":{"@type":"PropertyValueSpecification","valueRequired":true,"valueName":"search_term_string"}}],"inLanguage":"pt-PT"},{"@type":"Organization","@id":"https:\/\/www.vilamouraworld.com\/#organization","name":"*Vilamoura","url":"https:\/\/www.vilamouraworld.com\/","logo":{"@type":"ImageObject","inLanguage":"pt-PT","@id":"https:\/\/www.vilamouraworld.com\/#\/schema\/logo\/image\/","url":"https:\/\/www.vilamouraworld.com\/wp-content\/uploads\/2023\/07\/Vilamoura_Logo_White.svg","contentUrl":"https:\/\/www.vilamouraworld.com\/wp-content\/uploads\/2023\/07\/Vilamoura_Logo_White.svg","width":6199,"height":960,"caption":"*Vilamoura"},"image":{"@id":"https:\/\/www.vilamouraworld.com\/#\/schema\/logo\/image\/"}}]}},"_links":{"self":[{"href":"https:\/\/www.vilamouraworld.com\/pt-pt\/wp-json\/wp\/v2\/pages\/22313","targetHints":{"allow":["GET"]}}],"collection":[{"href":"https:\/\/www.vilamouraworld.com\/pt-pt\/wp-json\/wp\/v2\/pages"}],"about":[{"href":"https:\/\/www.vilamouraworld.com\/pt-pt\/wp-json\/wp\/v2\/types\/page"}],"author":[{"embeddable":true,"href":"https:\/\/www.vilamouraworld.com\/pt-pt\/wp-json\/wp\/v2\/users\/26"}],"replies":[{"embeddable":true,"href":"https:\/\/www.vilamouraworld.com\/pt-pt\/wp-json\/wp\/v2\/comments?post=22313"}],"version-history":[{"count":3,"href":"https:\/\/www.vilamouraworld.com\/pt-pt\/wp-json\/wp\/v2\/pages\/22313\/revisions"}],"predecessor-version":[{"id":22406,"href":"https:\/\/www.vilamouraworld.com\/pt-pt\/wp-json\/wp\/v2\/pages\/22313\/revisions\/22406"}],"up":[{"embeddable":true,"href":"https:\/\/www.vilamouraworld.com\/pt-pt\/wp-json\/wp\/v2\/pages\/22306"}],"wp:attachment":[{"href":"https:\/\/www.vilamouraworld.com\/pt-pt\/wp-json\/wp\/v2\/media?parent=22313"}],"curies":[{"name":"wp","href":"https:\/\/api.w.org\/{rel}","templated":true}]}}